{"id":14534,"date":"2021-05-31T14:52:53","date_gmt":"2021-05-31T12:52:53","guid":{"rendered":"https:\/\/lameche.net\/members-only-content\/"},"modified":"2024-04-19T12:13:48","modified_gmt":"2024-04-19T10:13:48","slug":"members-only-content","status":"publish","type":"page","link":"https:\/\/lameche.net\/en\/members-only-content\/","title":{"rendered":"Members-only content"},"content":{"rendered":"<div  class=\"tatsu-H1-XV28fqu tatsu-section  tatsu-fullscreen tatsu-bg-overlay   tatsu-clearfix\" data-title=\"\"  data-headerscheme=\"background--dark\"><div class=\"tatsu-fullscreen-wrap\"><div class='tatsu-section-pad clearfix' data-padding='{\"d\":\"90px 0px 90px 0px\"}' data-padding-top='90px'><div class=\"tatsu-row-wrap  tatsu-wrap tatsu-row-one-col tatsu-row-has-one-cols tatsu-medium-gutter tatsu-reg-cols  tatsu-clearfix tatsu-HJxXE2LG9O\" ><div  class=\"tatsu-row \" ><div  class=\"tatsu-column  tatsu-bg-overlay tatsu-one-col tatsu-column-image-none tatsu-column-effect-none  tatsu-rJQNhUG5d\"  data-parallax-speed=\"0\" style=\"\"><div class=\"tatsu-column-inner \" ><div class=\"tatsu-column-pad-wrap\"><div class=\"tatsu-column-pad\" ><div  class=\"tatsu-module tatsu-text-block-wrap tatsu-Sy8Bh8z5_  \"><div class=\"tatsu-text-inner tatsu-align-center  clearfix\" ><style>.tatsu-Sy8Bh8z5_.tatsu-text-block-wrap .tatsu-text-inner{width: 100%;text-align: center;}<\/style>\n<h2>Contenu r\u00e9serv\u00e9 aux membres<\/h2>\n<p>Le contenu\u00a0 que vous souhaitez consulter est d\u00e9sormais accessible sur la plateforme de la communaut\u00e9 La M\u00e8che.<\/p>\n<\/div><\/div><div  class=\"tatsu-module tatsu-normal-button tatsu-button-wrap align-block block-center  tatsu-B1G9hLzcd   \"><a class=\"tatsu-shortcode mediumbtn tatsu-button left-icon circular   bg-animation-none  \" href=\"https:\/\/community.lameche.net\/\" style= \"\"  aria-label=\"REJOINDRE LA M\u00c8CHE\" data-gdpr-atts={} target=\"_blank\">REJOINDRE LA M\u00c8CHE<\/a><style>.tatsu-B1G9hLzcd .tatsu-button{background-color: rgba(230,255,0,1);color: rgba(0,0,0,1) ;}<\/style><\/div><\/div><\/div><div class = \"tatsu-column-bg-image-wrap\"><div class = \"tatsu-column-bg-image\" ><\/div><\/div><div class=\"tatsu-overlay tatsu-column-overlay tatsu-animate-none\" ><\/div><\/div><style>.tatsu-row > .tatsu-rJQNhUG5d.tatsu-column{width: 100%;}.tatsu-rJQNhUG5d.tatsu-column > .tatsu-column-inner > .tatsu-column-overlay{mix-blend-mode: normal;}.tatsu-rJQNhUG5d > .tatsu-column-inner > .tatsu-top-divider{z-index: 9999;}.tatsu-rJQNhUG5d > .tatsu-column-inner > .tatsu-bottom-divider{z-index: 9999;}.tatsu-rJQNhUG5d > .tatsu-column-inner > .tatsu-left-divider{z-index: 9999;}.tatsu-rJQNhUG5d > .tatsu-column-inner > .tatsu-right-divider{z-index: 9999;}@media only screen and (max-width:1377px) {.tatsu-row > .tatsu-rJQNhUG5d.tatsu-column{width: 100%;}}@media only screen and (min-width:768px) and (max-width: 1024px) {.tatsu-row > .tatsu-rJQNhUG5d.tatsu-column{width: 100%;}}@media only screen and (max-width: 767px) {.tatsu-row > .tatsu-rJQNhUG5d.tatsu-column{width: 100%;}}<\/style><\/div><\/div><\/div><\/div><div class=\"tatsu-section-background-wrap\"><div class = \"tatsu-section-background\" ><\/div><\/div><div class=\"tatsu-overlay tatsu-section-overlay\"><\/div><\/div><style>.tatsu-H1-XV28fqu .tatsu-section-pad{padding: 90px 0px 90px 0px;}.tatsu-H1-XV28fqu .tatsu-section-offset-wrap{transform: translateY(-0px);}.tatsu-H1-XV28fqu > .tatsu-bottom-divider{z-index: 9999;}.tatsu-H1-XV28fqu > .tatsu-top-divider{z-index: 9999;}.tatsu-H1-XV28fqu .tatsu-section-overlay{mix-blend-mode: normal;}.tatsu-H1-XV28fqu .tatsu-fullscreen-wrap{align-items: center;}<\/style><\/div>\n","protected":false},"excerpt":{"rendered":"<div><a href=\"https:\/\/lameche.net\/en\/members-only-content\/\" class=\"exp-read-more exp-read-more-underlined\">Read More<\/a><\/div>\n","protected":false},"author":1,"featured_media":0,"parent":0,"menu_order":0,"comment_status":"closed","ping_status":"closed","template":"","meta":{"inline_featured_image":false,"footnotes":""},"class_list":["post-14534","page","type-page","status-publish","hentry"],"_links":{"self":[{"href":"https:\/\/lameche.net\/en\/wp-json\/wp\/v2\/pages\/14534","targetHints":{"allow":["GET"]}}],"collection":[{"href":"https:\/\/lameche.net\/en\/wp-json\/wp\/v2\/pages"}],"about":[{"href":"https:\/\/lameche.net\/en\/wp-json\/wp\/v2\/types\/page"}],"author":[{"embeddable":true,"href":"https:\/\/lameche.net\/en\/wp-json\/wp\/v2\/users\/1"}],"replies":[{"embeddable":true,"href":"https:\/\/lameche.net\/en\/wp-json\/wp\/v2\/comments?post=14534"}],"version-history":[{"count":1,"href":"https:\/\/lameche.net\/en\/wp-json\/wp\/v2\/pages\/14534\/revisions"}],"predecessor-version":[{"id":15349,"href":"https:\/\/lameche.net\/en\/wp-json\/wp\/v2\/pages\/14534\/revisions\/15349"}],"wp:attachment":[{"href":"https:\/\/lameche.net\/en\/wp-json\/wp\/v2\/media?parent=14534"}],"curies":[{"name":"wp","href":"https:\/\/api.w.org\/{rel}","templated":true}]}}